{"id":53,"date":"2024-02-18T09:24:27","date_gmt":"2024-02-18T08:24:27","guid":{"rendered":"https:\/\/durachta-errance.art\/?page_id=53"},"modified":"2024-02-20T07:07:42","modified_gmt":"2024-02-20T06:07:42","slug":"home-page","status":"publish","type":"page","link":"https:\/\/durachta-errance.art\/","title":{"rendered":"Home page"},"content":{"rendered":"\n<p>Le pi\u00e8ge<\/p>\n\n\n\n<p class=\"has-text-align-center has-system-serif-font-family\">&nbsp;J\u2019ai essay\u00e9 de me retrouver \u00e0 travers tous ces liens mais je n\u2019en ai trouv\u00e9 aucun \u00e0 me raccrocher alors je me suis laiss\u00e9e enfoncer \u00e0 travers les ombres oubliant que j\u2019aurais pu perdre la m\u00e9moire. Je n\u2019ai pas recherch\u00e9 la fra\u00eecheur. J\u2019ai seulement senti que ces liens, je ne pouvais pas les d\u00e9lier entre eux. Qu\u2019ils \u00e9taient tous attach\u00e9s les uns aux autres puisqu\u2019ils avaient&nbsp; la m\u00eame souche.&nbsp; Je n\u2019avais que mon corps pour vivre. Clair comme un boyau suspendu sur un fil que le vent balan\u00e7ait&nbsp; quand il soufflait.<\/p>\n\n\n\n<p class=\"has-text-align-center has-system-serif-font-family\">Et ces liens m\u00eame avec leurs feuilles ne s\u2019ouvrent sur aucun deuil. Chaque lien d\u00e9pend de l\u2019autre<\/p>\n\n\n\n<p class=\"has-text-align-center has-system-serif-font-family\">Comme quelque chose de parfait que rien ne peut d\u00e9truire.<\/p>\n\n\n<div class=\"wp-block-image\">\n<figure class=\"aligncenter size-full\"><img loading=\"lazy\" decoding=\"async\" width=\"448\" height=\"336\" src=\"http:\/\/durachta-errance.art\/wp-content\/uploads\/2024\/02\/01-Photo-Le-piege.jpg\" alt=\"\" class=\"wp-image-16\" srcset=\"https:\/\/durachta-errance.art\/wp-content\/uploads\/2024\/02\/01-Photo-Le-piege.jpg 448w, https:\/\/durachta-errance.art\/wp-content\/uploads\/2024\/02\/01-Photo-Le-piege-300x225.jpg 300w\" sizes=\"auto, (max-width: 448px) 100vw, 448px\" \/><\/figure>\n<\/div>\n\n\n<p class=\"has-text-align-center has-heading-font-family has-small-font-size\">Le pi\u00e8ge, photo Durachta, Les Pavillons sous Bois, 2013<\/p>\n\n\n\n<p class=\"has-text-align-center has-heading-font-family has-large-font-size\">DURACHTA<br><br>POLISH FRENCH PAINTER AND WRITER<\/p>\n\n\n\n<p class=\"has-text-align-center has-heading-font-family has-large-font-size\">France<\/p>\n\n\n\n<p class=\"has-text-align-center\">Mobile&nbsp;: 33 (0)676337910<\/p>\n\n\n\n<p class=\"has-text-align-center\"><strong><a href=\"mailto:durachta@durachta-errance.art\">durachta@durachta-errance.art<\/a><\/strong><\/p>\n\n\n\n<p class=\"has-text-align-center\"><strong><a href=\"https:\/\/www.facebook.com\/monique.durachta\" target=\"_blank\" rel=\"noreferrer noopener\">facebook.com\/monique.durachta<\/a><\/strong><\/p>\n\n\n\n<p class=\"has-text-align-center\"><a href=\"https:\/\/www.linkedin.com\/in\/monique-durachta-7301a145\/\">https:\/\/www.linkedin<\/a>.<a href=\"https:\/\/www.linkedin.com\/in\/monique-durachta-7301a145\/\">com\/in\/monique-durachta-7301a145\/<\/a><\/p>\n\n\n\n<figure class=\"wp-block-image size-full\"><img loading=\"lazy\" decoding=\"async\" width=\"768\" height=\"932\" src=\"http:\/\/durachta-errance.art\/wp-content\/uploads\/2024\/02\/1160-Lpendule-54X64-Les-Pavillons-Sous-Bois-23-4-2013v3.jpg\" alt=\"\" class=\"wp-image-15\" srcset=\"https:\/\/durachta-errance.art\/wp-content\/uploads\/2024\/02\/1160-Lpendule-54X64-Les-Pavillons-Sous-Bois-23-4-2013v3.jpg 768w, https:\/\/durachta-errance.art\/wp-content\/uploads\/2024\/02\/1160-Lpendule-54X64-Les-Pavillons-Sous-Bois-23-4-2013v3-247x300.jpg 247w\" sizes=\"auto, (max-width: 768px) 100vw, 768px\" \/><\/figure>\n\n\n\n<p class=\"has-text-align-center has-heading-font-family has-small-font-size\">1160 Le pendule 54X64 Les Pavillons Sous Bois 23 4 2013 (oil on linen)<\/p>\n\n\n\n<p class=\"has-text-align-center has-heading-font-family has-medium-font-size\">Enfance et jeunesse dans le Nord de la France.<\/p>\n\n\n\n<p class=\"has-text-align-center has-heading-font-family has-medium-font-size\">&nbsp;&nbsp;&nbsp;&nbsp;&nbsp;&nbsp;&nbsp;&nbsp;&nbsp;&nbsp;&nbsp; Premi\u00e8re po\u00e9sie 13 ans.<\/p>\n\n\n\n<p class=\"has-text-align-center has-heading-font-family has-medium-font-size\">Travail \u00e0 l\u2019usine du village. 15 ans. Renvoi trois mois plus tard.<\/p>\n\n\n\n<p class=\"has-text-align-center has-heading-font-family has-medium-font-size\">Entre temps divers travaux des champs.<\/p>\n\n\n\n<p class=\"has-text-align-center has-heading-font-family has-medium-font-size\">Suis des cours de st\u00e9no dactylographie entre temps<\/p>\n\n\n\n<p class=\"has-text-align-center has-heading-font-family has-medium-font-size\">Retour \u00e0 l\u2019usine. Quelques mois. Emplois de bureaux divers.<\/p>\n\n\n\n<p class=\"has-text-align-center has-heading-font-family has-medium-font-size\">Et continuels retours \u00e0 l\u2019usine. Confection.<\/p>\n\n\n\n<p class=\"has-text-align-center has-heading-font-family has-medium-font-size\">Arriv\u00e9e \u00e0 Paris en 1971.<\/p>\n\n\n\n<p class=\"has-text-align-center has-heading-font-family has-medium-font-size\">Dipl\u00f4me de documentaliste en 1973&nbsp;;<\/p>\n\n\n\n<p class=\"has-text-align-center has-heading-font-family has-medium-font-size\">Emplois de bureaux. Int\u00e9rim.<\/p>\n\n\n\n<p class=\"has-text-align-center has-heading-font-family has-medium-font-size\">1972. Commence un journal. Journal d\u00e9truit D\u00e9cembre 2007<\/p>\n\n\n\n<p class=\"has-text-align-center has-heading-font-family has-medium-font-size\">Dessins \u00e0 l\u2019encre de chine<\/p>\n\n\n\n<p class=\"has-text-align-center has-heading-font-family has-medium-font-size\">1973. Commence \u00e0 peindre \u00e0 l\u2019huile. Puis interruption. Figuratif. Tableau jet\u00e9 \u00e0 la poubelle.<\/p>\n\n\n\n<p class=\"has-text-align-center has-heading-font-family has-medium-font-size\">Vie de cr\u00e9ation mais d\u00e9sordonn\u00e9e. Ecrit de nombreux po\u00e8mes.<\/p>\n\n\n\n<p class=\"has-text-align-center has-heading-font-family has-medium-font-size\">La fr\u00e9quentation des caf\u00e9s parisiens provoque en moi des bouleversements des contradictions alors que les vernissages parisiens affichent l\u2019horreur et la nullit\u00e9 ce qui d\u00e9veloppe ma r\u00e9volte. C\u2019est gr\u00e2ce et \u00e0 cause de tout cela qu\u2019un ferment a pu \u00eatre obtenu pour que naisse ma propre cr\u00e9ation.<\/p>\n\n\n\n<p class=\"has-text-align-center has-heading-font-family has-medium-font-size\">Ecrit environ 45 r\u00e9cits.<\/p>\n\n\n\n<p class=\"has-text-align-center has-heading-font-family has-medium-font-size\">Publication de textes dans la revue Plages. En 1979. 1982.<\/p>\n\n\n\n<p class=\"has-text-align-center has-heading-font-family has-medium-font-size\">Jusqu\u2019\u00e0 ce jour j\u2019ai peint 1172 tableaux. Uniquement peinture \u00e0 l\u2019huile.<\/p>\n\n\n\n<p class=\"has-text-align-center has-heading-font-family has-medium-font-size\">Art est celui de l\u2019errance. ErranceArt.<\/p>\n\n\n\n<p class=\"has-text-align-center has-heading-font-family has-medium-font-size\">&nbsp;<br>Publi\u00e9 en 2003&nbsp;: La jeune fille du Nord&nbsp;&nbsp; Le Manuscrit <\/p>\n\n\n<a class=\"wp-block-read-more\" href=\"https:\/\/durachta-errance.art\/\" target=\"_self\">Read more<span class=\"screen-reader-text\">: Home page<\/span><\/a>\n\n\n<p class=\"has-text-align-center has-heading-font-family has-medium-font-size\">Publi\u00e9 en 2005&nbsp;:&nbsp; L\u2019adolescente (La jeune polonaise)&nbsp; Le Manuscrit<\/p>\n\n\n\n<p class=\"has-text-align-center has-heading-font-family has-medium-font-size\">Publi\u00e9 en 2006&nbsp;:&nbsp; L\u2019innocence massacr\u00e9e (les deux s\u0153urs) Le&nbsp; Manuscrit<\/p>\n\n\n\n<p class=\"has-text-align-center has-heading-font-family has-medium-font-size\">&nbsp;Dans ma peinture il y a bien s\u00fbr mon origine mais aussi Paris et mon intuition<\/p>\n\n\n\n<figure class=\"wp-block-image size-full\"><img loading=\"lazy\" decoding=\"async\" width=\"768\" height=\"972\" src=\"http:\/\/durachta-errance.art\/wp-content\/uploads\/2024\/02\/1036-Metro-100X81-Les-Pavillons-Sous-Bois-20-12-2010v3.jpg\" alt=\"\" class=\"wp-image-14\" srcset=\"https:\/\/durachta-errance.art\/wp-content\/uploads\/2024\/02\/1036-Metro-100X81-Les-Pavillons-Sous-Bois-20-12-2010v3.jpg 768w, https:\/\/durachta-errance.art\/wp-content\/uploads\/2024\/02\/1036-Metro-100X81-Les-Pavillons-Sous-Bois-20-12-2010v3-237x300.jpg 237w\" sizes=\"auto, (max-width: 768px) 100vw, 768px\" \/><\/figure>\n\n\n\n<p class=\"has-text-align-center has-heading-font-family has-small-font-size\">1036 M\u00e9tro 100X81 Les Pavillons Sous Bois 20 12 2010 (oil on linen)<\/p>\n\n\n\n<p class=\"has-text-align-center has-heading-font-family has-medium-font-size\">Childhood and Youth in the North of France .<\/p>\n\n\n\n<p class=\"has-text-align-center has-heading-font-family has-medium-font-size\">Early poetry at thirteen<\/p>\n\n\n\n<p class=\"has-text-align-center has-heading-font-family has-medium-font-size\">Works in factory at fifteen. Dismissal three months later.<\/p>\n\n\n\n<p class=\"has-text-align-center has-heading-font-family has-medium-font-size\">Return to factory. A few months<\/p>\n\n\n\n<p class=\"has-text-align-center has-heading-font-family has-medium-font-size\">Various clerical works<\/p>\n\n\n\n<p class=\"has-text-align-center has-heading-font-family has-medium-font-size\">Continuous returns to factory works.<\/p>\n\n\n\n<p class=\"has-text-align-center has-heading-font-family has-medium-font-size\">Arrived in Paris on 1971<\/p>\n\n\n\n<p class=\"has-text-align-center has-heading-font-family has-medium-font-size\">Starting a poetry diary. Destroy December 2008<\/p>\n\n\n\n<p class=\"has-text-align-center has-heading-font-family has-medium-font-size\">Starting painting on oil. Then stop<\/p>\n\n\n\n<p class=\"has-text-align-center has-heading-font-family has-medium-font-size\">Pen and ink sketches<\/p>\n\n\n\n<p class=\"has-text-align-center has-heading-font-family has-medium-font-size\">Introduced to several well known artists<\/p>\n\n\n\n<p class=\"has-text-align-center has-heading-font-family has-medium-font-size\">Start to paint with oil thanks to my diary on 1987.<\/p>\n\n\n\n<p class=\"has-text-align-center has-heading-font-family has-medium-font-size\">At this date, I painted 1172 pictures (only oil on linen)<\/p>\n\n\n\n<p class=\"has-text-align-center has-heading-font-family has-medium-font-size\">Errrance\u2019art To be on caf\u00e9s in Paris move my feelings and give rise to contradictions. Meanwhile vernissages in Paris which show horror and nullity develop my revolt. It is thanks to these all these things that a ferment appears and gives birth to my own creation.<\/p>\n\n\n\n<p class=\"has-text-align-center has-heading-font-family has-medium-font-size\"><a href=\"file:\/\/\/D:\/MONIKA\/SITE\/CONTENU\/PUBLICATIONS.html\">La jeune fille du Nord<\/a> ,&nbsp; Edited&nbsp; on 2003&nbsp;: Publisher \u00ab&nbsp;Le Manuscrit&nbsp;\u00bb Paris.<\/p>\n\n\n\n<p class=\"has-text-align-center has-heading-font-family has-medium-font-size\"><a href=\"file:\/\/\/D:\/MONIKA\/SITE\/CONTENU\/PUBLICATIONS.html\">L\u2019adolescente<\/a> (La jeune polonaise), edited on 2005&nbsp; Publisher \u00ab&nbsp;Le Manuscrit&nbsp;\u00bb Paris&nbsp;<br><\/p>\n\n\n\n<p class=\"has-text-align-center has-heading-font-family has-medium-font-size\"><a href=\"file:\/\/\/D:\/MONIKA\/SITE\/CONTENU\/PUBLICATIONS.html\">L\u2019innocence massacr\u00e9e<\/a> (les deux s\u0153urs) edited on 2006, Publisher \u00ab&nbsp;Le Manuscrit&nbsp;\u00bb Paris.<\/p>\n\n\n\n<p class=\"has-text-align-center has-heading-font-family has-medium-font-size\">Within my painting works, there are my polish culture but also Paris and my intuition.<\/p>\n\n\n\n<p class=\"has-text-align-center\"><strong>Expositions and events<\/strong><br><\/p>\n\n\n\n<p class=\"has-text-align-center has-heading-font-family has-medium-font-size\">Galerie des Arches Paris 3\u00e8me<\/p>\n\n\n\n<p class=\"has-text-align-center has-heading-font-family has-medium-font-size\">2002 Galerie Art Pr\u00e9sent Paris 3<sup>\u00e8me<\/sup><\/p>\n\n\n\n<p class=\"has-text-align-center has-heading-font-family has-medium-font-size\">2003 Galerie Jean Galloy&nbsp; Espace 93 Clichy Sous Bois<\/p>\n\n\n\n<p class=\"has-text-align-center has-heading-font-family has-medium-font-size\">2005&nbsp;\/2006 Premi\u00e8re galerie www.bizemont.com<\/p>\n\n\n\n<p class=\"has-text-align-center has-heading-font-family has-medium-font-size\">2006&nbsp;: Participe au projet&nbsp;: op\u00e9ration&nbsp;\u00ab&nbsp;Figure&nbsp;\u00bb The One \u2013 L\u2019Art de la Paix<\/p>\n\n\n\n<p class=\"has-text-align-center has-heading-font-family has-medium-font-size\">2006&nbsp;: Articit\u00e9&nbsp;&nbsp; <a href=\"http:\/\/www.artcite.com\/\" target=\"_blank\" rel=\"noreferrer noopener\">http:\/\/www.artcite.com\/<\/a><br><\/p>\n\n\n\n<p class=\"has-text-align-center has-heading-font-family has-medium-font-size\">Maison de la culture des Arts et de la culture de Cr\u00e9teil :Invit\u00e9e au Festival International de films de Femmes 17 et 19 mars 2006<\/p>\n\n\n\n<p class=\"has-text-align-center has-heading-font-family has-medium-font-size\">Pr\u00e9sentation de mon livre&nbsp;: L\u2019adolescente<\/p>\n\n\n\n<p class=\"has-text-align-center has-heading-font-family has-medium-font-size\">2006&nbsp;:Le grand march\u00e9 contemporain de la Place de la Bastille du 30 octobre au 5 novembre Paris<\/p>\n\n\n\n<p class=\"has-text-align-center has-heading-font-family has-medium-font-size\">2007&nbsp;: Galerie z\u00e9ro du 13 octobre au 2 novembre Berlin<\/p>\n\n\n\n<p class=\"has-text-align-center has-heading-font-family has-medium-font-size\">2007&nbsp;: vuestroarte.com<\/p>\n\n\n\n<p class=\"has-text-align-center has-heading-font-family has-medium-font-size\">2008&nbsp;: Web Gallery of Art<\/p>\n\n\n\n<p class=\"has-text-align-center has-heading-font-family has-medium-font-size\">2009 :&nbsp; 1452arte.com<\/p>\n\n\n\n<p class=\"has-text-align-center has-heading-font-family has-medium-font-size\">2009 :&nbsp;&nbsp; Grand salon d\u2019art abordable Paris<\/p>\n\n\n\n<p class=\"has-text-align-center has-heading-font-family has-medium-font-size\">2011&nbsp;:&nbsp;&nbsp; Ulovart<\/p>\n\n\n\n<p class=\"has-text-align-center has-heading-font-family has-medium-font-size\">2011&nbsp;:&nbsp;&nbsp; Siel de Paris<\/p>\n\n\n\n<p class=\"has-text-align-center has-heading-font-family has-medium-font-size\">2012&nbsp;:&nbsp;&nbsp; L\u2019\u0153uvre qui parle Active Art Paris 15<sup>\u00e8me<\/sup><\/p>\n\n\n\n<p class=\"has-text-align-center has-heading-font-family has-medium-font-size\">2013&nbsp;:&nbsp;&nbsp; Art gallery Saint Tropez 16 au 28 f\u00e9vrier 2013<\/p>\n\n\n\n<p><\/p>\n","protected":false},"excerpt":{"rendered":"<p>Le pi\u00e8ge &nbsp;J\u2019ai essay\u00e9 de me retrouver \u00e0 travers tous ces liens mais je n\u2019en ai trouv\u00e9 aucun \u00e0 me raccrocher alors je me suis laiss\u00e9e enfoncer \u00e0 travers les ombres oubliant que j\u2019aurais pu perdre la m\u00e9moire. Je n\u2019ai pas recherch\u00e9 la fra\u00eecheur. J\u2019ai seulement senti que ces liens, je ne pouvais pas les [&hellip;]<\/p>\n","protected":false},"author":1,"featured_media":0,"parent":0,"menu_order":0,"comment_status":"closed","ping_status":"closed","template":"","meta":{"footnotes":""},"class_list":["post-53","page","type-page","status-publish","hentry"],"_links":{"self":[{"href":"https:\/\/durachta-errance.art\/index.php?rest_route=\/wp\/v2\/pages\/53","targetHints":{"allow":["GET"]}}],"collection":[{"href":"https:\/\/durachta-errance.art\/index.php?rest_route=\/wp\/v2\/pages"}],"about":[{"href":"https:\/\/durachta-errance.art\/index.php?rest_route=\/wp\/v2\/types\/page"}],"author":[{"embeddable":true,"href":"https:\/\/durachta-errance.art\/index.php?rest_route=\/wp\/v2\/users\/1"}],"replies":[{"embeddable":true,"href":"https:\/\/durachta-errance.art\/index.php?rest_route=%2Fwp%2Fv2%2Fcomments&post=53"}],"version-history":[{"count":15,"href":"https:\/\/durachta-errance.art\/index.php?rest_route=\/wp\/v2\/pages\/53\/revisions"}],"predecessor-version":[{"id":194,"href":"https:\/\/durachta-errance.art\/index.php?rest_route=\/wp\/v2\/pages\/53\/revisions\/194"}],"wp:attachment":[{"href":"https:\/\/durachta-errance.art\/index.php?rest_route=%2Fwp%2Fv2%2Fmedia&parent=53"}],"curies":[{"name":"wp","href":"https:\/\/api.w.org\/{rel}","templated":true}]}}